{"id":332,"date":"2023-07-27T07:18:43","date_gmt":"2023-07-27T05:18:43","guid":{"rendered":"https:\/\/bytelegal.ch\/?page_id=332"},"modified":"2025-09-22T20:55:17","modified_gmt":"2025-09-22T18:55:17","slug":"privacy-policy","status":"publish","type":"page","link":"https:\/\/bytelegal.ch\/en\/privacy-policy\/","title":{"rendered":"Datenschutzerkl\u00e4rung"},"content":{"rendered":"<div data-elementor-type=\"wp-page\" data-elementor-id=\"332\" class=\"elementor elementor-332\" data-elementor-post-type=\"page\">\n\t\t\t\t\t\t<section class=\"elementor-section elementor-top-section elementor-element elementor-element-777d007 elementor-section-boxed elementor-section-height-default elementor-section-height-default\" data-id=\"777d007\" data-element_type=\"section\" data-e-type=\"section\">\n\t\t\t\t\t\t<div class=\"elementor-container elementor-column-gap-default\">\n\t\t\t\t\t<div class=\"elementor-column elementor-col-100 elementor-top-column elementor-element elementor-element-426e9b5\" data-id=\"426e9b5\" data-element_type=\"column\" data-e-type=\"column\">\n\t\t\t<div class=\"elementor-widget-wrap elementor-element-populated\">\n\t\t\t\t\t\t<div class=\"elementor-element elementor-element-215fb8c elementor-widget elementor-widget-spacer\" data-id=\"215fb8c\" data-element_type=\"widget\" data-e-type=\"widget\" data-widget_type=\"spacer.default\">\n\t\t\t\t<div class=\"elementor-widget-container\">\n\t\t\t\t\t\t\t<div class=\"elementor-spacer\">\n\t\t\t<div class=\"elementor-spacer-inner\"><\/div>\n\t\t<\/div>\n\t\t\t\t\t\t<\/div>\n\t\t\t\t<\/div>\n\t\t\t\t\t<\/div>\n\t\t<\/div>\n\t\t\t\t\t<\/div>\n\t\t<\/section>\n\t\t\t\t<section class=\"elementor-section elementor-top-section elementor-element elementor-element-5d65a30 elementor-section-boxed elementor-section-height-default elementor-section-height-default\" data-id=\"5d65a30\" data-element_type=\"section\" data-e-type=\"section\">\n\t\t\t\t\t\t<div class=\"elementor-container elementor-column-gap-default\">\n\t\t\t\t\t<div class=\"elementor-column elementor-col-100 elementor-top-column elementor-element elementor-element-194d568\" data-id=\"194d568\" data-element_type=\"column\" data-e-type=\"column\">\n\t\t\t<div class=\"elementor-widget-wrap elementor-element-populated\">\n\t\t\t\t\t\t<div class=\"elementor-element elementor-element-07fe0df elementor-widget elementor-widget-heading\" data-id=\"07fe0df\" data-element_type=\"widget\" data-e-type=\"widget\" data-widget_type=\"heading.default\">\n\t\t\t\t<div class=\"elementor-widget-container\">\n\t\t\t\t\t<h2 class=\"elementor-heading-title elementor-size-default\">Datenschutzhinweise<\/h2>\t\t\t\t<\/div>\n\t\t\t\t<\/div>\n\t\t\t\t\t<\/div>\n\t\t<\/div>\n\t\t\t\t\t<\/div>\n\t\t<\/section>\n\t\t\t\t<section class=\"elementor-section elementor-top-section elementor-element elementor-element-5f89545 elementor-section-boxed elementor-section-height-default elementor-section-height-default\" data-id=\"5f89545\" data-element_type=\"section\" data-e-type=\"section\">\n\t\t\t\t\t\t<div class=\"elementor-container elementor-column-gap-default\">\n\t\t\t\t\t<div class=\"elementor-column elementor-col-100 elementor-top-column elementor-element elementor-element-0f25af8\" data-id=\"0f25af8\" data-element_type=\"column\" data-e-type=\"column\">\n\t\t\t<div class=\"elementor-widget-wrap elementor-element-populated\">\n\t\t\t\t\t\t<div class=\"elementor-element elementor-element-afaa84c elementor-widget elementor-widget-text-editor\" data-id=\"afaa84c\" data-element_type=\"widget\" data-e-type=\"widget\" data-widget_type=\"text-editor.default\">\n\t\t\t\t<div class=\"elementor-widget-container\">\n\t\t\t\t\t\t\t\t\t<h5>F\u00fcr byte legal ist der Schutz Ihrer Personendaten eine Selbstverst\u00e4ndlichkeit. Im Rahmen dieser Datenschutzhinweise erfahren Sie, wie im Rahmen unserer Gesch\u00e4ftst\u00e4tigkeit Personendaten bearbeitet werden k\u00f6nnen.<\/h5>\n<h5>Wir weisen Sie darauf hin, dass diese Datenschutzerkl\u00e4rung keine abschliessende Beschreibung unserer Datenbearbeitungen enth\u00e4lt und einzelne Sachverhalte ganz oder teilweise durch spezifische Datenschutzhinweise beschrieben sein k\u00f6nnen (mit oder ohne Verweis darauf in dieser Datenschutzerkl\u00e4rung).<\/h5>\n<h5>Stellen Sie bitte bei s\u00e4mtlichen Daten anderer Personen, die Sie uns bekanntgeben, sicher, dass Sie dazu berechtigt sind und diese Daten richtig sind. Solche Personen sind auf diese Datenschutzerkl\u00e4rung hinzuweisen.<br><br><\/h5>\t\t\t\t\t\t\t\t<\/div>\n\t\t\t\t<\/div>\n\t\t\t\t\t<\/div>\n\t\t<\/div>\n\t\t\t\t\t<\/div>\n\t\t<\/section>\n\t\t\t\t<section class=\"elementor-section elementor-top-section elementor-element elementor-element-fd5a9a0 elementor-section-boxed elementor-section-height-default elementor-section-height-default\" data-id=\"fd5a9a0\" data-element_type=\"section\" data-e-type=\"section\">\n\t\t\t\t\t\t<div class=\"elementor-container elementor-column-gap-default\">\n\t\t\t\t\t<div class=\"elementor-column elementor-col-100 elementor-top-column elementor-element elementor-element-037b46e\" data-id=\"037b46e\" data-element_type=\"column\" data-e-type=\"column\">\n\t\t\t<div class=\"elementor-widget-wrap elementor-element-populated\">\n\t\t\t\t\t\t<div class=\"elementor-element elementor-element-1e6c008 elementor-widget elementor-widget-text-editor\" data-id=\"1e6c008\" data-element_type=\"widget\" data-e-type=\"widget\" data-widget_type=\"text-editor.default\">\n\t\t\t\t<div class=\"elementor-widget-container\">\n\t\t\t\t\t\t\t\t\t<ol><li><b>Wer ist f\u00fcr meine Personendaten verantwortlich?<br \/><\/b>Der Verantwortliche im Sinne des Datenschutzrechts ist:<p><br \/>byte legal AG\u2028<br \/>Baumgasse 10\u2028<br \/>CH &#8211; 8005 Z\u00fcrich\u2028<\/p><p><a style=\"font-family: var( --e-global-typography-text-font-family ), Sans-serif; font-style: var( --e-global-typography-text-font-style ); font-weight: var( --e-global-typography-text-font-weight ); letter-spacing: var( --e-global-typography-text-letter-spacing ); text-transform: var( --e-global-typography-text-text-transform );\" href=\"mailto:info@bytelegal.ch\" target=\"_blank\" rel=\"noopener\">info@bytelegal.ch<\/a>\u00a0\u2028<br \/>+41 (0)44 552 07 60<\/p><\/li><li><b>Zu welchen Zwecken werden Daten von mir bearbeitet?<\/b><br \/>Wir bearbeiten Personendaten von Ihnen haupts\u00e4chlich zu folgenden Zwecken:<br \/>&#8211; Vorbereitung und Erbringung unserer Beratungs- und Schulungsleistungen<br \/>&#8211; Kontaktaufnahme und Kommunikation mit Ihnen<br \/>&#8211; Marketing, wenn wir auf Angebote von uns aufmerksam machen<br \/>&#8211; Gew\u00e4hrleistung der IT-Sicherheit<br \/>&#8211; Einhaltung der auf uns anwendbaren gesetzlichen Vorgaben<br \/>&#8211; Wahrung unserer berechtigten Interessen<p>Um unsere Webseiteninhalte anzuzeigen und zu optimieren, kann es auch sein, dass wir Personendaten von Ihnen erheben. Dasselbe gilt f\u00fcr die Analyse der Webseitennutzung.<\/p><\/li><li><b>Welche Arten von Personendaten werden erhoben?<br \/><\/b>Wir bearbeiten unter anderem Personendaten, die wir von Kunden, Interessenten, Dienstleistenden, Webseitenbesuchenden sowie weiteren Personen erhalten, mit denen wir im Rahmen unserer gesch\u00e4ftlichen T\u00e4tigkeit Kontakt pflegen.<p>Dabei handelt es sich u.a., um folgende Arten von Personendaten:<br \/>&#8211; Kontakt- und Identifikationsdaten (dazu geh\u00f6ren beispielsweise Vor- und Nachname, postalische Adresse, Telefonnummer, E-Mail-Adresse, oder User-Account-Informationen)<br \/>&#8211; Vertragsdaten (dazu geh\u00f6ren beispielsweise Angaben zu bezogenen\/erbrachten Dienstleistungen und Verg\u00fctungen)<br \/>&#8211; Kommunikationsdaten (dazu geh\u00f6ren beispielsweise physische oder elektronische Korrespondenz, Nutzung unserer Kontaktformulare, Telefon- oder Videogespr\u00e4che)<br \/>&#8211; Marketingdaten (dazu geh\u00f6rt beispielsweise Ihr bekundetes Interesse an unseren Leistungen)<br \/>&#8211; Meta-\/Nutzungsdaten und andere technische Daten (z.B. IP-Adresse, MAC-Adresse des Smartphones oder Computers, Angaben zu Ihrem Ger\u00e4t und Einstellungen, Cookies)<\/p><p>Es kann vorkommen, dass uns Ihr Arbeitgeber oder sonstige Dritte insbesondere Ihre Kontaktdaten zu Verf\u00fcgung stellt. Soweit dies erlaubt ist, entnehmen wir auch \u00f6ffentlich zug\u00e4nglichen Quellen (z.B. Betreibungsregister, Grundb\u00fccher, Handelsregister, Medien, Internet) gewisse Daten oder von Beh\u00f6rden und sonstigen Dritten. Nebst den Daten von Ihnen, die Sie uns direkt geben, umfassen die Kategorien von Personendaten, die wir von Dritten \u00fcber Sie erhalten Angaben \u00fcber Sie in Korrespondenz und Besprechungen, damit wir Vertr\u00e4ge mit Ihnen oder unter Einbezug von Ihnen abschliessen oder abwickeln k\u00f6nnen, Angaben zur Einhaltung gesetzlicher Vorgaben, Angaben von Banken, Versicherungen, oder Vertriebs- und anderen Vertragspartnern von uns zur Inanspruchnahme oder Erbringung von Leistungen.<\/p><\/li><li>\u00a0<b>Auf welcher rechtlichen Grundlage werden Daten von mir bearbeitet?<br \/><\/b>Als Rechtsgrundlage zur Bearbeitung Ihrer Personendaten dient uns:<br \/>&#8211; Ihre Einwilligung, die Sie jederzeit widerrufen k\u00f6nnen<br \/>&#8211; der Abschluss oder die Erf\u00fcllung eines Vertrags oder eine sich darauf beziehende Anfrage im Vorfeld (vorvertragliche Massnahmen)<br \/>&#8211; eine rechtliche Verpflichtung, die auch im Rahmen einer Interessensabw\u00e4gung einfliessen kann<br \/>&#8211; eine sonstige Interessenabw\u00e4gung<br \/><br \/><\/li><li><b>Welche sind Empf\u00e4nger von Personendaten?<br \/><\/b>Werden Personendaten durch externe Auftragsbearbeiter bearbeitet, stellen wir sicher, dass die gesetzlichen Vorgaben eingehalten werden. Regelm\u00e4ssige Empf\u00e4nger von Personendaten k\u00f6nnen IT-Servicebetreiber (beispielsweise Microsoft f\u00fcr M365 oder unser Webhosting-Provider) sein. Daneben kann es auch sein, dass unser Treuhandb\u00fcro oder ausgew\u00e4hlte Beh\u00f6rden Einsicht erhalten in gewisse Personendaten.<br \/><br \/><\/li><li><b>Wie lange werden Personendaten von mir aufbewahrt?<\/b><br \/>Wir bearbeiten Personendaten, solange es f\u00fcr die Erf\u00fcllung unserer vertraglichen Pflichten oder sonst f\u00fcr die mit der Bearbeitung verfolgten Zwecke erforderlich ist, zum Beispiel f\u00fcr die Dauer der gesamten Gesch\u00e4ftsbeziehung (von der Anbahnung, Abwicklung bis zur Beendigung eines Vertrags) sowie dar\u00fcber hinaus gem\u00e4ss den gesetzlichen Aufbewahrungs- und Dokumentationspflichten. Dabei ist es m\u00f6glich, dass Personendaten f\u00fcr die Zeit aufbewahrt werden, in der Anspr\u00fcche gegen uns geltend gemacht werden k\u00f6nnen und soweit wir anderweitig gesetzlich dazu verpflichtet sind oder berechtigte Interessen dies erfordern (z.B. f\u00fcr Beweis- und Dokumentationszwecke). Sobald Ihre Personendaten f\u00fcr die oben genannten Zwecke nicht mehr erforderlich sind, werden sie grunds\u00e4tzlich gel\u00f6scht oder anonymisiert.<br \/><br \/><\/li><li><b>Findet eine Daten\u00fcbermittlung ins Ausland statt?<br \/><\/b>Datenempf\u00e4nger sind teilweise im Inland, teilweise aber auch im Ausland. Ihre Daten werden, wenn immer m\u00f6glich, in der Schweiz oder innerhalb der Europ\u00e4ischen Union oder dem Europ\u00e4ischen Wirtschaftsraum bearbeitet. Wenn Daten in ein Land \u00fcbermittelt werden k\u00f6nnten, in dem kein angemessenes gesetzliches Datenschutzniveau besteht (wie die M\u00f6glichkeit, dass bei der Nutzung M365 unter bestimmten Bedingungen Datenzugriffe aus L\u00e4ndern wie den USA erfolgen k\u00f6nnten), verlangen wir, dass der Empf\u00e4nger angemessene Massnahmen zum Schutz von Personendaten trifft (z.B. mittels Einbezug des Data Privacy Framework oder die Vereinbarung von sog. EU-Standardklauseln). Weitere Angaben dazu und eine Kopie der EU-Standardvertragsklauseln finden Sie unter\u00a0<a href=\"http:\/\/www.edoeb.admin.ch\/edoeb\/de\/home\/datenschutz\/handel-und-wirtschaft\/uebermittlung-insausland.html\" target=\"_blank\" rel=\"noopener\">www.edoeb.admin.ch\/edoeb\/de\/home\/datenschutz\/handel-und-wirtschaft\/uebermittlung-insausland.html<\/a>. In bestimmten F\u00e4llen k\u00f6nnen wir Daten im Einklang mit datenschutzrechtlichen Vorgaben auch ohne solche Vertr\u00e4ge \u00fcbermitteln, z.B. wenn Sie in die entsprechende Bekanntgabe eingewilligt haben oder wenn die Bekanntgabe f\u00fcr die Vertragsabwicklung, f\u00fcr die Feststellung, Aus\u00fcbung oder Durchsetzung von Rechtsanspr\u00fcchen oder f\u00fcr \u00fcberwiegende \u00f6ffentlichen Interessen erforderlich ist.<br \/><br \/><\/li><li><b>Wozu dienen Cookies?<br \/><\/b>Diese Website verwendet Cookies. Cookies sind kleine Textdateien, die beim Besuch dieser Website in Ihrem Computer dauerhaft oder tempor\u00e4r gespeichert werden. Zweck der Cookies ist insbesondere die Analyse der Nutzung dieser Website zur statistischen Auswertung sowie f\u00fcr kontinuierliche Verbesserungen. Als Rechtsgrundlage f\u00fcr den Einsatz von Cookies dient uns einerseits ein sich aus dem Datenbearbeitungszweck ergebenes berechtigtes Interesse oder Ihre Einwilligung.<br \/>Die Verwendung von Cookies kann jederzeit \u00fcber die Einstellungen des Browsers deaktiviert werden.<br \/><br \/><\/li><li><b>Welches sind meine Rechte?<br \/><\/b>Sie haben das Recht auf Auskunft \u00fcber die von uns zu Ihrer Person bearbeiteten Personendaten, sofern Ihrem Anliegen keine gesetzliche Pflicht entgegensteht. Sofern die entsprechenden rechtlichen Vorgaben anwendbar und daf\u00fcr auch die Voraussetzungen gegeben sind, steht es Ihnen ausserdem frei, Daten\u00fcbertragung, Berichtigung, L\u00f6schung oder Einschr\u00e4nkung der Bearbeitung zu verlangen.<br \/>Wir bitten Sie um Verst\u00e4ndnis daf\u00fcr, dass wir bei solchen Anliegen einen Nachweis verlangen werden, um sicherzustellen, dass Sie die Person sind, f\u00fcr die Sie sich ausgeben.<br \/>Ausserdem steht es Ihnen frei, eine einmal abgegebene Einwilligung f\u00fcr die Bearbeitung Ihrer Personendaten jederzeit zu widerrufen. Im Rahmen der jeweils anwendbaren rechtlichen Vorgaben haben Sie weiter ein Widerspruchsrecht gegen gewisse Bearbeitungen, etwa wenn diese auf der Grundlage einer Interessensabw\u00e4gung erfolgen. Insbesondere k\u00f6nnen Sie ein Widerspruchsrecht gegen die Bearbeitung Ihrer Daten im Zusammenhang mit Direktwerbung haben.<br \/>Wenn Sie glauben, dass die Bearbeitung Ihrer Personendaten gegen das Datenschutzrecht verst\u00f6sst oder Ihre datenschutzrechtlichen Anspr\u00fcche verletzt worden sind, k\u00f6nnen Sie sich ausserdem bei der Aufsichtsbeh\u00f6rde beschweren. F\u00fcr byte legal ist dies der Eidgen\u00f6ssische Datenschutz- und \u00d6ffentlichkeitsbeauftragte (ED\u00d6B).<br \/><br \/><\/li><li><b>\u00a0Welche Massnahmen zur Datensicherheit werden ergriffen?<br \/><\/b>Wir haben technische und organisatorische Sicherheitsvorkehrungen getroffen, um Ihre Personendaten gegen Manipulation, Verlust, Zerst\u00f6rung oder gegen den Zugriff unberechtigter Personen zu sch\u00fctzen. Hierzu geh\u00f6rt unter anderem die Verwendung von anerkannten Verschl\u00fcsselungsverfahren (z.B. Verschl\u00fcsselung mittels SSL\/TLS).<br \/>Auch den eigenen, organisationsinternen Datenschutz nehmen wir ernst. Die von uns beauftragten Dienstleistungsunternehmen sind zur Verschwiegenheit und zur Einhaltung der datenschutzrechtlichen Bestimmungen verpflichtet. \u00dcberdies wird diesen der Zugriff auf Ihre Personendaten nur soweit notwendig gew\u00e4hrt.<br \/><br \/><br \/><br \/><\/li><\/ol>\t\t\t\t\t\t\t\t<\/div>\n\t\t\t\t<\/div>\n\t\t\t\t\t<\/div>\n\t\t<\/div>\n\t\t\t\t\t<\/div>\n\t\t<\/section>\n\t\t\t\t<section class=\"elementor-section elementor-top-section elementor-element elementor-element-5019fb4 elementor-section-boxed elementor-section-height-default elementor-section-height-default\" data-id=\"5019fb4\" data-element_type=\"section\" data-e-type=\"section\">\n\t\t\t\t\t\t<div class=\"elementor-container elementor-column-gap-default\">\n\t\t\t\t\t<div class=\"elementor-column elementor-col-100 elementor-top-column elementor-element elementor-element-98458b2\" data-id=\"98458b2\" data-element_type=\"column\" data-e-type=\"column\">\n\t\t\t<div class=\"elementor-widget-wrap elementor-element-populated\">\n\t\t\t\t\t\t<div class=\"elementor-element elementor-element-1ef337d elementor-widget elementor-widget-text-editor\" data-id=\"1ef337d\" data-element_type=\"widget\" data-e-type=\"widget\" data-widget_type=\"text-editor.default\">\n\t\t\t\t<div class=\"elementor-widget-container\">\n\t\t\t\t\t\t\t\t\t<h2>Impressum<\/h2>\n<p><\/p>\n<p>byte legal AG\u2028<br><span style=\"background-color: var( --e-global-color-c696dce ); color: var( --e-global-color-text ); font-family: var( --e-global-typography-text-font-family ), Sans-serif; font-size: var( --e-global-typography-text-font-size ); font-style: var( --e-global-typography-text-font-style ); font-weight: var( --e-global-typography-text-font-weight ); letter-spacing: var( --e-global-typography-text-letter-spacing ); text-transform: var( --e-global-typography-text-text-transform );\">Baumgasse 10<br><\/span><span style=\"background-color: var( --e-global-color-c696dce ); color: var( --e-global-color-text ); font-family: var( --e-global-typography-text-font-family ), Sans-serif; font-size: var( --e-global-typography-text-font-size ); font-style: var( --e-global-typography-text-font-style ); font-weight: var( --e-global-typography-text-font-weight ); letter-spacing: var( --e-global-typography-text-letter-spacing ); text-transform: var( --e-global-typography-text-text-transform );\">CH &#8211; 8005 Z\u00fcrich\u2028<\/span><\/p>\n<p><a href=\"mailto:info@bytelegal.ch\" target=\"_blank\" rel=\"noopener\">info@bytelegal.ch\u2028<\/a><span style=\"color: var( --e-global-color-text ); font-family: var( --e-global-typography-text-font-family ), Sans-serif; font-size: var( --e-global-typography-text-font-size ); font-style: var( --e-global-typography-text-font-style ); font-weight: var( --e-global-typography-text-font-weight ); letter-spacing: var( --e-global-typography-text-letter-spacing ); text-transform: var( --e-global-typography-text-text-transform ); background-color: var( --e-global-color-c696dce );\"><br>+41 (0)44 552 07 60<\/span><\/p>\t\t\t\t\t\t\t\t<\/div>\n\t\t\t\t<\/div>\n\t\t\t\t\t<\/div>\n\t\t<\/div>\n\t\t\t\t\t<\/div>\n\t\t<\/section>\n\t\t\t\t<\/div>","protected":false},"excerpt":{"rendered":"<p>Datenschutzhinweise F\u00fcr byte legal ist der Schutz Ihrer Personendaten eine Selbstverst\u00e4ndlichkeit. Im Rahmen dieser Datenschutzhinweise erfahren Sie, wie im Rahmen unserer Gesch\u00e4ftst\u00e4tigkeit Personendaten bearbeitet werden k\u00f6nnen. Wir weisen Sie darauf hin, dass diese Datenschutzerkl\u00e4rung keine abschliessende Beschreibung unserer Datenbearbeitungen enth\u00e4lt und einzelne Sachverhalte ganz oder teilweise durch spezifische Datenschutzhinweise beschrieben sein k\u00f6nnen (mit oder ohne [&hellip;]<\/p>\n","protected":false},"author":1,"featured_media":0,"parent":0,"menu_order":0,"comment_status":"closed","ping_status":"closed","template":"elementor_header_footer","meta":{"footnotes":""},"class_list":["post-332","page","type-page","status-publish","hentry"],"yoast_head":"<!-- This site is optimized with the Yoast SEO plugin v27.3 - https:\/\/yoast.com\/product\/yoast-seo-wordpress\/ -->\n<title>Datenschutzerkl\u00e4rung &#8212; byte legal AG<\/title>\n<meta name=\"robots\" content=\"index, follow, max-snippet:-1, max-image-preview:large, max-video-preview:-1\" \/>\n<link rel=\"canonical\" href=\"https:\/\/bytelegal.ch\/en\/privacy-policy\/\" \/>\n<meta property=\"og:locale\" content=\"en_GB\" \/>\n<meta property=\"og:type\" content=\"article\" \/>\n<meta property=\"og:title\" content=\"Datenschutzerkl\u00e4rung &#8212; byte legal AG\" \/>\n<meta property=\"og:description\" content=\"Datenschutzhinweise F\u00fcr byte legal ist der Schutz Ihrer Personendaten eine Selbstverst\u00e4ndlichkeit. Im Rahmen dieser Datenschutzhinweise erfahren Sie, wie im Rahmen unserer Gesch\u00e4ftst\u00e4tigkeit Personendaten bearbeitet werden k\u00f6nnen. Wir weisen Sie darauf hin, dass diese Datenschutzerkl\u00e4rung keine abschliessende Beschreibung unserer Datenbearbeitungen enth\u00e4lt und einzelne Sachverhalte ganz oder teilweise durch spezifische Datenschutzhinweise beschrieben sein k\u00f6nnen (mit oder ohne [&hellip;]\" \/>\n<meta property=\"og:url\" content=\"https:\/\/bytelegal.ch\/en\/privacy-policy\/\" \/>\n<meta property=\"og:site_name\" content=\"byte legal AG\" \/>\n<meta property=\"article:modified_time\" content=\"2025-09-22T18:55:17+00:00\" \/>\n<meta property=\"og:image\" content=\"https:\/\/bytelegal.ch\/wp-content\/uploads\/2023\/10\/byte-legal-OpenGraph.png\" \/>\n\t<meta property=\"og:image:width\" content=\"1200\" \/>\n\t<meta property=\"og:image:height\" content=\"295\" \/>\n\t<meta property=\"og:image:type\" content=\"image\/png\" \/>\n<meta name=\"twitter:card\" content=\"summary_large_image\" \/>\n<meta name=\"twitter:label1\" content=\"Estimated reading time\" \/>\n\t<meta name=\"twitter:data1\" content=\"5 minutes\" \/>\n<script type=\"application\/ld+json\" class=\"yoast-schema-graph\">{\"@context\":\"https:\\\/\\\/schema.org\",\"@graph\":[{\"@type\":\"WebPage\",\"@id\":\"https:\\\/\\\/bytelegal.ch\\\/privacy-policy\\\/\",\"url\":\"https:\\\/\\\/bytelegal.ch\\\/privacy-policy\\\/\",\"name\":\"Datenschutzerkl\u00e4rung &#8212; byte legal AG\",\"isPartOf\":{\"@id\":\"https:\\\/\\\/bytelegal.ch\\\/#website\"},\"datePublished\":\"2023-07-27T05:18:43+00:00\",\"dateModified\":\"2025-09-22T18:55:17+00:00\",\"breadcrumb\":{\"@id\":\"https:\\\/\\\/bytelegal.ch\\\/privacy-policy\\\/#breadcrumb\"},\"inLanguage\":\"en-GB\",\"potentialAction\":[{\"@type\":\"ReadAction\",\"target\":[\"https:\\\/\\\/bytelegal.ch\\\/privacy-policy\\\/\"]}]},{\"@type\":\"BreadcrumbList\",\"@id\":\"https:\\\/\\\/bytelegal.ch\\\/privacy-policy\\\/#breadcrumb\",\"itemListElement\":[{\"@type\":\"ListItem\",\"position\":1,\"name\":\"Home\",\"item\":\"https:\\\/\\\/bytelegal.ch\\\/\"},{\"@type\":\"ListItem\",\"position\":2,\"name\":\"Datenschutzerkl\u00e4rung\"}]},{\"@type\":\"WebSite\",\"@id\":\"https:\\\/\\\/bytelegal.ch\\\/#website\",\"url\":\"https:\\\/\\\/bytelegal.ch\\\/\",\"name\":\"byte legal AG\",\"description\":\"Technik &amp; Recht im Einklang\",\"publisher\":{\"@id\":\"https:\\\/\\\/bytelegal.ch\\\/#organization\"},\"potentialAction\":[{\"@type\":\"SearchAction\",\"target\":{\"@type\":\"EntryPoint\",\"urlTemplate\":\"https:\\\/\\\/bytelegal.ch\\\/?s={search_term_string}\"},\"query-input\":{\"@type\":\"PropertyValueSpecification\",\"valueRequired\":true,\"valueName\":\"search_term_string\"}}],\"inLanguage\":\"en-GB\"},{\"@type\":\"Organization\",\"@id\":\"https:\\\/\\\/bytelegal.ch\\\/#organization\",\"name\":\"byte legal AG\",\"url\":\"https:\\\/\\\/bytelegal.ch\\\/\",\"logo\":{\"@type\":\"ImageObject\",\"inLanguage\":\"en-GB\",\"@id\":\"https:\\\/\\\/bytelegal.ch\\\/#\\\/schema\\\/logo\\\/image\\\/\",\"url\":\"https:\\\/\\\/bytelegal.ch\\\/wp-content\\\/uploads\\\/2023\\\/07\\\/bytelegal_logo.svg\",\"contentUrl\":\"https:\\\/\\\/bytelegal.ch\\\/wp-content\\\/uploads\\\/2023\\\/07\\\/bytelegal_logo.svg\",\"width\":302,\"height\":74,\"caption\":\"byte legal AG\"},\"image\":{\"@id\":\"https:\\\/\\\/bytelegal.ch\\\/#\\\/schema\\\/logo\\\/image\\\/\"},\"sameAs\":[\"https:\\\/\\\/www.linkedin.com\\\/company\\\/bytelegal\\\/\"]}]}<\/script>\n<!-- \/ Yoast SEO plugin. -->","yoast_head_json":{"title":"Datenschutzerkl\u00e4rung &#8212; byte legal AG","robots":{"index":"index","follow":"follow","max-snippet":"max-snippet:-1","max-image-preview":"max-image-preview:large","max-video-preview":"max-video-preview:-1"},"canonical":"https:\/\/bytelegal.ch\/en\/privacy-policy\/","og_locale":"en_GB","og_type":"article","og_title":"Datenschutzerkl\u00e4rung &#8212; byte legal AG","og_description":"Datenschutzhinweise F\u00fcr byte legal ist der Schutz Ihrer Personendaten eine Selbstverst\u00e4ndlichkeit. Im Rahmen dieser Datenschutzhinweise erfahren Sie, wie im Rahmen unserer Gesch\u00e4ftst\u00e4tigkeit Personendaten bearbeitet werden k\u00f6nnen. Wir weisen Sie darauf hin, dass diese Datenschutzerkl\u00e4rung keine abschliessende Beschreibung unserer Datenbearbeitungen enth\u00e4lt und einzelne Sachverhalte ganz oder teilweise durch spezifische Datenschutzhinweise beschrieben sein k\u00f6nnen (mit oder ohne [&hellip;]","og_url":"https:\/\/bytelegal.ch\/en\/privacy-policy\/","og_site_name":"byte legal AG","article_modified_time":"2025-09-22T18:55:17+00:00","og_image":[{"width":1200,"height":295,"url":"https:\/\/bytelegal.ch\/wp-content\/uploads\/2023\/10\/byte-legal-OpenGraph.png","type":"image\/png"}],"twitter_card":"summary_large_image","twitter_misc":{"Estimated reading time":"5 minutes"},"schema":{"@context":"https:\/\/schema.org","@graph":[{"@type":"WebPage","@id":"https:\/\/bytelegal.ch\/privacy-policy\/","url":"https:\/\/bytelegal.ch\/privacy-policy\/","name":"Datenschutzerkl\u00e4rung &#8212; byte legal AG","isPartOf":{"@id":"https:\/\/bytelegal.ch\/#website"},"datePublished":"2023-07-27T05:18:43+00:00","dateModified":"2025-09-22T18:55:17+00:00","breadcrumb":{"@id":"https:\/\/bytelegal.ch\/privacy-policy\/#breadcrumb"},"inLanguage":"en-GB","potentialAction":[{"@type":"ReadAction","target":["https:\/\/bytelegal.ch\/privacy-policy\/"]}]},{"@type":"BreadcrumbList","@id":"https:\/\/bytelegal.ch\/privacy-policy\/#breadcrumb","itemListElement":[{"@type":"ListItem","position":1,"name":"Home","item":"https:\/\/bytelegal.ch\/"},{"@type":"ListItem","position":2,"name":"Datenschutzerkl\u00e4rung"}]},{"@type":"WebSite","@id":"https:\/\/bytelegal.ch\/#website","url":"https:\/\/bytelegal.ch\/","name":"byte legal AG","description":"Technik &amp; Recht im Einklang","publisher":{"@id":"https:\/\/bytelegal.ch\/#organization"},"potentialAction":[{"@type":"SearchAction","target":{"@type":"EntryPoint","urlTemplate":"https:\/\/bytelegal.ch\/?s={search_term_string}"},"query-input":{"@type":"PropertyValueSpecification","valueRequired":true,"valueName":"search_term_string"}}],"inLanguage":"en-GB"},{"@type":"Organization","@id":"https:\/\/bytelegal.ch\/#organization","name":"byte legal AG","url":"https:\/\/bytelegal.ch\/","logo":{"@type":"ImageObject","inLanguage":"en-GB","@id":"https:\/\/bytelegal.ch\/#\/schema\/logo\/image\/","url":"https:\/\/bytelegal.ch\/wp-content\/uploads\/2023\/07\/bytelegal_logo.svg","contentUrl":"https:\/\/bytelegal.ch\/wp-content\/uploads\/2023\/07\/bytelegal_logo.svg","width":302,"height":74,"caption":"byte legal AG"},"image":{"@id":"https:\/\/bytelegal.ch\/#\/schema\/logo\/image\/"},"sameAs":["https:\/\/www.linkedin.com\/company\/bytelegal\/"]}]}},"_links":{"self":[{"href":"https:\/\/bytelegal.ch\/en\/wp-json\/wp\/v2\/pages\/332","targetHints":{"allow":["GET"]}}],"collection":[{"href":"https:\/\/bytelegal.ch\/en\/wp-json\/wp\/v2\/pages"}],"about":[{"href":"https:\/\/bytelegal.ch\/en\/wp-json\/wp\/v2\/types\/page"}],"author":[{"embeddable":true,"href":"https:\/\/bytelegal.ch\/en\/wp-json\/wp\/v2\/users\/1"}],"replies":[{"embeddable":true,"href":"https:\/\/bytelegal.ch\/en\/wp-json\/wp\/v2\/comments?post=332"}],"version-history":[{"count":19,"href":"https:\/\/bytelegal.ch\/en\/wp-json\/wp\/v2\/pages\/332\/revisions"}],"predecessor-version":[{"id":909,"href":"https:\/\/bytelegal.ch\/en\/wp-json\/wp\/v2\/pages\/332\/revisions\/909"}],"wp:attachment":[{"href":"https:\/\/bytelegal.ch\/en\/wp-json\/wp\/v2\/media?parent=332"}],"curies":[{"name":"wp","href":"https:\/\/api.w.org\/{rel}","templated":true}]}}