{"id":49,"date":"2023-07-05T13:08:55","date_gmt":"2023-07-05T13:08:55","guid":{"rendered":"https:\/\/bytelegal.ch\/about\/"},"modified":"2026-04-09T14:30:05","modified_gmt":"2026-04-09T12:30:05","slug":"about","status":"publish","type":"page","link":"https:\/\/bytelegal.ch\/en\/about\/","title":{"rendered":"\u00dcber uns"},"content":{"rendered":"<div data-elementor-type=\"wp-page\" data-elementor-id=\"49\" class=\"elementor elementor-49\" data-elementor-post-type=\"page\">\n\t\t\t\t\t\t<section class=\"elementor-section elementor-top-section elementor-element elementor-element-415c14e elementor-section-boxed elementor-section-height-default elementor-section-height-default\" data-id=\"415c14e\" data-element_type=\"section\" data-e-type=\"section\">\n\t\t\t\t\t\t<div class=\"elementor-container elementor-column-gap-default\">\n\t\t\t\t\t<div class=\"elementor-column elementor-col-100 elementor-top-column elementor-element elementor-element-150d2c6\" data-id=\"150d2c6\" data-element_type=\"column\" data-e-type=\"column\">\n\t\t\t<div class=\"elementor-widget-wrap\">\n\t\t\t\t\t\t\t<\/div>\n\t\t<\/div>\n\t\t\t\t\t<\/div>\n\t\t<\/section>\n\t\t\t\t<section class=\"elementor-section elementor-top-section elementor-element elementor-element-3b775f8 elementor-section-full_width elementor-section-height-default elementor-section-height-default\" data-id=\"3b775f8\" data-element_type=\"section\" data-e-type=\"section\">\n\t\t\t\t\t\t<div class=\"elementor-container elementor-column-gap-no\">\n\t\t\t\t\t<div class=\"elementor-column elementor-col-100 elementor-top-column elementor-element elementor-element-85c6874\" data-id=\"85c6874\" data-element_type=\"column\" data-e-type=\"column\">\n\t\t\t<div class=\"elementor-widget-wrap elementor-element-populated\">\n\t\t\t\t\t\t<div class=\"elementor-element elementor-element-0735bf7 elementor-widget elementor-widget-heading\" data-id=\"0735bf7\" data-element_type=\"widget\" data-e-type=\"widget\" data-widget_type=\"heading.default\">\n\t\t\t\t<div class=\"elementor-widget-container\">\n\t\t\t\t\t<h2 class=\"elementor-heading-title elementor-size-default\">Das Team<\/h2>\t\t\t\t<\/div>\n\t\t\t\t<\/div>\n\t\t\t\t<section class=\"elementor-section elementor-inner-section elementor-element elementor-element-4da9843 elementor-section-full_width elementor-section-height-default elementor-section-height-default\" data-id=\"4da9843\" data-element_type=\"section\" data-e-type=\"section\">\n\t\t\t\t\t\t<div class=\"elementor-container elementor-column-gap-no\">\n\t\t\t\t\t<div class=\"elementor-column elementor-col-33 elementor-inner-column elementor-element elementor-element-4b0d25c\" data-id=\"4b0d25c\" data-element_type=\"column\" data-e-type=\"column\">\n\t\t\t<div class=\"elementor-widget-wrap elementor-element-populated\">\n\t\t\t\t\t\t<div class=\"elementor-element elementor-element-76e2eee elementor-widget__width-initial elementor-position-top elementor-widget elementor-widget-image-box\" data-id=\"76e2eee\" data-element_type=\"widget\" data-e-type=\"widget\" data-widget_type=\"image-box.default\">\n\t\t\t\t<div class=\"elementor-widget-container\">\n\t\t\t\t\t<div class=\"elementor-image-box-wrapper\"><figure class=\"elementor-image-box-img\"><a href=\"https:\/\/www.linkedin.com\/in\/eugen-roesle-444954142\" tabindex=\"-1\"><img fetchpriority=\"high\" decoding=\"async\" width=\"768\" height=\"679\" src=\"https:\/\/bytelegal.ch\/wp-content\/uploads\/2025\/11\/Roesle-Eugen_250117_portrait.jpeg\" class=\"elementor-animation-grow attachment-full size-full wp-image-910\" alt=\"\" srcset=\"https:\/\/bytelegal.ch\/wp-content\/uploads\/2025\/11\/Roesle-Eugen_250117_portrait.jpeg 768w, https:\/\/bytelegal.ch\/wp-content\/uploads\/2025\/11\/Roesle-Eugen_250117_portrait-300x265.jpeg 300w\" sizes=\"(max-width: 768px) 100vw, 768px\" \/><\/a><\/figure><div class=\"elementor-image-box-content\"><h4 class=\"elementor-image-box-title\"><a href=\"https:\/\/www.linkedin.com\/in\/eugen-roesle-444954142\">Eugen Roesle<\/a><\/h4><p class=\"elementor-image-box-description\">Eugen Roesle, lic. iur. LLM war zuvor f\u00fcr die Swiss Infosec AG t\u00e4tig und leitete dort die Abteilung Legal &amp; Data Privacy Consulting. Davor wirkte Eugen Roesle unter anderem f\u00fcr eine Wirtschaftsanwaltskanzlei und f\u00fcr die ZHAW, wo er ein Flair f\u00fcr die rechtliche Beratung im Technologiesektor entwickelte (spezifisch: Softwarerecht und Vertragsgestaltung). Ein weiterer Schwerpunkt seiner T\u00e4tigkeit ist das Datenrecht unter Einschluss von AI\/KI und Informationssicherheit. Seine Passion: Das Aust\u00fcfteln von praktikablen L\u00f6sungen an der Schnittstelle zwischen Technik und Recht. Er vermittelt sein Wissen regelm\u00e4ssig als Referent und Kursleiter und ist Autor verschiedener Publikationen zum Datenrecht. Eugen ist Inhaber des Rechtsanwaltspatents seit 2009. Zu seinen Weiterbildungen geh\u00f6ren unter anderem: IAPP AI Governance Professional (AIGP), BSI ISO 27001 Lead Auditor und T\u00dcV zertifizierter Datenschutzbeauftragter unter Einbezug der EU-DSGVO. \n<br><br>\nEugen ber\u00e4t auf Deutsch, Franz\u00f6sisch und Englisch.<br>\n<br><b>\n<a href=\"mailto:eugen.roesle@bytelegal.ch\"> eugen.roesle@bytelegal.ch<\/a><br>\n<a href=\"tel:+41 44 552 07 61\">+41 44 552 07 61<\/a><\/b><\/p><\/div><\/div>\t\t\t\t<\/div>\n\t\t\t\t<\/div>\n\t\t\t\t\t<\/div>\n\t\t<\/div>\n\t\t\t\t<div class=\"elementor-column elementor-col-33 elementor-inner-column elementor-element elementor-element-a74aba3\" data-id=\"a74aba3\" data-element_type=\"column\" data-e-type=\"column\">\n\t\t\t<div class=\"elementor-widget-wrap elementor-element-populated\">\n\t\t\t\t\t\t<div class=\"elementor-element elementor-element-e8a4406 elementor-widget__width-initial elementor-position-top elementor-widget elementor-widget-image-box\" data-id=\"e8a4406\" data-element_type=\"widget\" data-e-type=\"widget\" data-widget_type=\"image-box.default\">\n\t\t\t\t<div class=\"elementor-widget-container\">\n\t\t\t\t\t<div class=\"elementor-image-box-wrapper\"><figure class=\"elementor-image-box-img\"><a href=\"https:\/\/www.linkedin.com\/in\/christa-stamm-pfister-5413284\/\" tabindex=\"-1\"><img decoding=\"async\" width=\"768\" height=\"675\" src=\"https:\/\/bytelegal.ch\/wp-content\/uploads\/2025\/01\/Stamm-Christa_250117_0243_-2.jpg\" class=\"elementor-animation-grow attachment-full size-full wp-image-864\" alt=\"\" srcset=\"https:\/\/bytelegal.ch\/wp-content\/uploads\/2025\/01\/Stamm-Christa_250117_0243_-2.jpg 768w, https:\/\/bytelegal.ch\/wp-content\/uploads\/2025\/01\/Stamm-Christa_250117_0243_-2-300x264.jpg 300w\" sizes=\"(max-width: 768px) 100vw, 768px\" \/><\/a><\/figure><div class=\"elementor-image-box-content\"><h4 class=\"elementor-image-box-title\"><a href=\"https:\/\/www.linkedin.com\/in\/christa-stamm-pfister-5413284\/\">Christa Stamm<\/a><\/h4><p class=\"elementor-image-box-description\">Christa Stamm, Dr. iur. LLM, baute vor ihrer T\u00e4tigkeit f\u00fcr byte legal das Data Protection Office des Universit\u00e4tsspitals Z\u00fcrich auf. Im Rahmen dieser T\u00e4tigkeit setzte sie sich intensiv mit dem regulatorischen Rahmen f\u00fcr Datenforschung und mit der Governance von K\u00fcnstlicher Intelligenz auseinander. Christa verf\u00fcgt zudem \u00fcber langj\u00e4hrige Erfahrung aus der Aufsichtsperspektive (Abteilungsleitung Recht und Informationssicherheit bei der Datenschutzbeauftragten des Kantons Z\u00fcrich) und aus der Anwaltst\u00e4tigkeit (Fokus auf IT-Recht, Cybercrime und Wirtschaftskriminalit\u00e4t). Sie ist als Dozentin in verschiedenen Lehrg\u00e4ngen t\u00e4tig und versteht sich besonders gut darauf, komplexe regulatorische Vorgaben adressatengerecht zu erkl\u00e4ren und praxisnah sowie pragmatisch umzusetzen. Christa ist Inhaberin des Rechtsanwaltspatents.\n<br>\n<br>\nChrista ber\u00e4t auf Deutsch und Englisch.\n<br>\n<br><b>\n<a href=\"mailto:christa.stamm@bytelegal.ch\"> christa.stamm@bytelegal.ch <\/a><br><a href=\"tel:+41 44 552 07 63\">+41 44 552 07 63<\/a><\/b><\/p><\/div><\/div>\t\t\t\t<\/div>\n\t\t\t\t<\/div>\n\t\t\t\t\t<\/div>\n\t\t<\/div>\n\t\t\t\t<div class=\"elementor-column elementor-col-33 elementor-inner-column elementor-element elementor-element-1c167c4\" data-id=\"1c167c4\" data-element_type=\"column\" data-e-type=\"column\">\n\t\t\t<div class=\"elementor-widget-wrap elementor-element-populated\">\n\t\t\t\t\t\t<div class=\"elementor-element elementor-element-6b957a0 elementor-widget__width-initial elementor-position-top elementor-widget elementor-widget-image-box\" data-id=\"6b957a0\" data-element_type=\"widget\" data-e-type=\"widget\" data-widget_type=\"image-box.default\">\n\t\t\t\t<div class=\"elementor-widget-container\">\n\t\t\t\t\t<div class=\"elementor-image-box-wrapper\"><figure class=\"elementor-image-box-img\"><a href=\"https:\/\/www.linkedin.com\/in\/j%C3%B6rg-eckardt-03b43711a\" tabindex=\"-1\"><img decoding=\"async\" width=\"768\" height=\"675\" src=\"https:\/\/bytelegal.ch\/wp-content\/uploads\/2025\/01\/Eckardt-Joerg_250117_0355_-2.jpg\" class=\"elementor-animation-grow attachment-full size-full wp-image-862\" alt=\"\" srcset=\"https:\/\/bytelegal.ch\/wp-content\/uploads\/2025\/01\/Eckardt-Joerg_250117_0355_-2.jpg 768w, https:\/\/bytelegal.ch\/wp-content\/uploads\/2025\/01\/Eckardt-Joerg_250117_0355_-2-300x264.jpg 300w\" sizes=\"(max-width: 768px) 100vw, 768px\" \/><\/a><\/figure><div class=\"elementor-image-box-content\"><h4 class=\"elementor-image-box-title\"><a href=\"https:\/\/www.linkedin.com\/in\/j%C3%B6rg-eckardt-03b43711a\">J\u00f6rg Eckardt<\/a><\/h4><p class=\"elementor-image-box-description\">J\u00f6rg Eckardt, lic. iur. leitete vor seiner T\u00e4tigkeit f\u00fcr byte legal die Abteilung Recht der Datenschutz-Beauftragten des Kantons Z\u00fcrich und war Mitglied der Gesch\u00e4ftsleitung. Im Rahmen dieser T\u00e4tigkeit erlangte er tiefe Einblicke in die Projektarbeit grosser Digitalisierungsprojekte in der Verwaltung. Zuvor war J\u00f6rg betrieblicher Datenschutzverantwortlicher und Legal Counsel bei der Z\u00fcrcher Hochschule f\u00fcr Angewandte Wissenschaften (ZHAW). Heute ber\u00e4t J\u00f6rg \u00f6ffentliche Organe und private Unternehmen gleichermassen in s\u00e4mtlichen rechtlichen Fragen der Digitalisierung. Er ist regelm\u00e4ssig in der Aus- und Weiterbildung t\u00e4tig und bringt seine Expertise sowohl in internen Schulungen wie in \u00f6ffentlichen Lehrg\u00e4ngen ein. Auftraggebende sch\u00e4tzen seine gr\u00fcndliche und stets klare Arbeit. J\u00f6rg ist Inhaber des Rechtsanwaltspatents seit 2016.\n<br>\n<br>\nJ\u00f6rg ber\u00e4t auf Deutsch, Franz\u00f6sisch und Englisch.\n<br>\n<br><b><a href=\"mailto:joerg.eckardt@bytelegal.ch\"> joerg.eckardt@bytelegal.ch <\/a><br><a href=\"tel:+41 44 552 07 62\">+41 44 552 07 62<\/a><\/b><\/p><\/div><\/div>\t\t\t\t<\/div>\n\t\t\t\t<\/div>\n\t\t\t\t\t<\/div>\n\t\t<\/div>\n\t\t\t\t\t<\/div>\n\t\t<\/section>\n\t\t\t\t\t<\/div>\n\t\t<\/div>\n\t\t\t\t\t<\/div>\n\t\t<\/section>\n\t\t\t\t<\/div>","protected":false},"excerpt":{"rendered":"<p>Das Team Eugen Roesle Eugen Roesle, lic. iur. LLM war zuvor f\u00fcr die Swiss Infosec AG t\u00e4tig und leitete dort die Abteilung Legal &amp; Data Privacy Consulting. Davor wirkte Eugen Roesle unter anderem f\u00fcr eine Wirtschaftsanwaltskanzlei und f\u00fcr die ZHAW, wo er ein Flair f\u00fcr die rechtliche Beratung im Technologiesektor entwickelte (spezifisch: Softwarerecht und Vertragsgestaltung). [&hellip;]<\/p>\n","protected":false},"author":1,"featured_media":0,"parent":0,"menu_order":0,"comment_status":"closed","ping_status":"closed","template":"elementor_header_footer","meta":{"footnotes":""},"class_list":["post-49","page","type-page","status-publish","hentry"],"yoast_head":"<!-- This site is optimized with the Yoast SEO plugin v27.3 - https:\/\/yoast.com\/product\/yoast-seo-wordpress\/ -->\n<title>\u00dcber uns &#8212; byte legal AG<\/title>\n<meta name=\"robots\" content=\"index, follow, max-snippet:-1, max-image-preview:large, max-video-preview:-1\" \/>\n<link rel=\"canonical\" href=\"https:\/\/bytelegal.ch\/en\/about\/\" \/>\n<meta property=\"og:locale\" content=\"en_GB\" \/>\n<meta property=\"og:type\" content=\"article\" \/>\n<meta property=\"og:title\" content=\"\u00dcber uns &#8212; byte legal AG\" \/>\n<meta property=\"og:description\" content=\"Das Team Eugen Roesle Eugen Roesle, lic. iur. LLM war zuvor f\u00fcr die Swiss Infosec AG t\u00e4tig und leitete dort die Abteilung Legal &amp; Data Privacy Consulting. Davor wirkte Eugen Roesle unter anderem f\u00fcr eine Wirtschaftsanwaltskanzlei und f\u00fcr die ZHAW, wo er ein Flair f\u00fcr die rechtliche Beratung im Technologiesektor entwickelte (spezifisch: Softwarerecht und Vertragsgestaltung). [&hellip;]\" \/>\n<meta property=\"og:url\" content=\"https:\/\/bytelegal.ch\/en\/about\/\" \/>\n<meta property=\"og:site_name\" content=\"byte legal AG\" \/>\n<meta property=\"article:modified_time\" content=\"2026-04-09T12:30:05+00:00\" \/>\n<meta property=\"og:image\" content=\"https:\/\/bytelegal.ch\/wp-content\/uploads\/2025\/11\/Roesle-Eugen_250117_portrait.jpeg\" \/>\n\t<meta property=\"og:image:width\" content=\"768\" \/>\n\t<meta property=\"og:image:height\" content=\"679\" \/>\n\t<meta property=\"og:image:type\" content=\"image\/jpeg\" \/>\n<meta name=\"twitter:card\" content=\"summary_large_image\" \/>\n<meta name=\"twitter:label1\" content=\"Estimated reading time\" \/>\n\t<meta name=\"twitter:data1\" content=\"2 minutes\" \/>\n<script type=\"application\/ld+json\" class=\"yoast-schema-graph\">{\"@context\":\"https:\\\/\\\/schema.org\",\"@graph\":[{\"@type\":\"WebPage\",\"@id\":\"https:\\\/\\\/bytelegal.ch\\\/about\\\/\",\"url\":\"https:\\\/\\\/bytelegal.ch\\\/about\\\/\",\"name\":\"\u00dcber uns &#8212; byte legal AG\",\"isPartOf\":{\"@id\":\"https:\\\/\\\/bytelegal.ch\\\/#website\"},\"primaryImageOfPage\":{\"@id\":\"https:\\\/\\\/bytelegal.ch\\\/about\\\/#primaryimage\"},\"image\":{\"@id\":\"https:\\\/\\\/bytelegal.ch\\\/about\\\/#primaryimage\"},\"thumbnailUrl\":\"https:\\\/\\\/bytelegal.ch\\\/wp-content\\\/uploads\\\/2025\\\/11\\\/Roesle-Eugen_250117_portrait.jpeg\",\"datePublished\":\"2023-07-05T13:08:55+00:00\",\"dateModified\":\"2026-04-09T12:30:05+00:00\",\"breadcrumb\":{\"@id\":\"https:\\\/\\\/bytelegal.ch\\\/about\\\/#breadcrumb\"},\"inLanguage\":\"en-GB\",\"potentialAction\":[{\"@type\":\"ReadAction\",\"target\":[\"https:\\\/\\\/bytelegal.ch\\\/about\\\/\"]}]},{\"@type\":\"ImageObject\",\"inLanguage\":\"en-GB\",\"@id\":\"https:\\\/\\\/bytelegal.ch\\\/about\\\/#primaryimage\",\"url\":\"https:\\\/\\\/bytelegal.ch\\\/wp-content\\\/uploads\\\/2025\\\/11\\\/Roesle-Eugen_250117_portrait.jpeg\",\"contentUrl\":\"https:\\\/\\\/bytelegal.ch\\\/wp-content\\\/uploads\\\/2025\\\/11\\\/Roesle-Eugen_250117_portrait.jpeg\"},{\"@type\":\"BreadcrumbList\",\"@id\":\"https:\\\/\\\/bytelegal.ch\\\/about\\\/#breadcrumb\",\"itemListElement\":[{\"@type\":\"ListItem\",\"position\":1,\"name\":\"Home\",\"item\":\"https:\\\/\\\/bytelegal.ch\\\/\"},{\"@type\":\"ListItem\",\"position\":2,\"name\":\"\u00dcber uns\"}]},{\"@type\":\"WebSite\",\"@id\":\"https:\\\/\\\/bytelegal.ch\\\/#website\",\"url\":\"https:\\\/\\\/bytelegal.ch\\\/\",\"name\":\"byte legal AG\",\"description\":\"Technik &amp; Recht im Einklang\",\"publisher\":{\"@id\":\"https:\\\/\\\/bytelegal.ch\\\/#organization\"},\"potentialAction\":[{\"@type\":\"SearchAction\",\"target\":{\"@type\":\"EntryPoint\",\"urlTemplate\":\"https:\\\/\\\/bytelegal.ch\\\/?s={search_term_string}\"},\"query-input\":{\"@type\":\"PropertyValueSpecification\",\"valueRequired\":true,\"valueName\":\"search_term_string\"}}],\"inLanguage\":\"en-GB\"},{\"@type\":\"Organization\",\"@id\":\"https:\\\/\\\/bytelegal.ch\\\/#organization\",\"name\":\"byte legal AG\",\"url\":\"https:\\\/\\\/bytelegal.ch\\\/\",\"logo\":{\"@type\":\"ImageObject\",\"inLanguage\":\"en-GB\",\"@id\":\"https:\\\/\\\/bytelegal.ch\\\/#\\\/schema\\\/logo\\\/image\\\/\",\"url\":\"https:\\\/\\\/bytelegal.ch\\\/wp-content\\\/uploads\\\/2023\\\/07\\\/bytelegal_logo.svg\",\"contentUrl\":\"https:\\\/\\\/bytelegal.ch\\\/wp-content\\\/uploads\\\/2023\\\/07\\\/bytelegal_logo.svg\",\"width\":302,\"height\":74,\"caption\":\"byte legal AG\"},\"image\":{\"@id\":\"https:\\\/\\\/bytelegal.ch\\\/#\\\/schema\\\/logo\\\/image\\\/\"},\"sameAs\":[\"https:\\\/\\\/www.linkedin.com\\\/company\\\/bytelegal\\\/\"]}]}<\/script>\n<!-- \/ Yoast SEO plugin. -->","yoast_head_json":{"title":"\u00dcber uns &#8212; byte legal AG","robots":{"index":"index","follow":"follow","max-snippet":"max-snippet:-1","max-image-preview":"max-image-preview:large","max-video-preview":"max-video-preview:-1"},"canonical":"https:\/\/bytelegal.ch\/en\/about\/","og_locale":"en_GB","og_type":"article","og_title":"\u00dcber uns &#8212; byte legal AG","og_description":"Das Team Eugen Roesle Eugen Roesle, lic. iur. LLM war zuvor f\u00fcr die Swiss Infosec AG t\u00e4tig und leitete dort die Abteilung Legal &amp; Data Privacy Consulting. Davor wirkte Eugen Roesle unter anderem f\u00fcr eine Wirtschaftsanwaltskanzlei und f\u00fcr die ZHAW, wo er ein Flair f\u00fcr die rechtliche Beratung im Technologiesektor entwickelte (spezifisch: Softwarerecht und Vertragsgestaltung). [&hellip;]","og_url":"https:\/\/bytelegal.ch\/en\/about\/","og_site_name":"byte legal AG","article_modified_time":"2026-04-09T12:30:05+00:00","og_image":[{"width":768,"height":679,"url":"https:\/\/bytelegal.ch\/wp-content\/uploads\/2025\/11\/Roesle-Eugen_250117_portrait.jpeg","type":"image\/jpeg"}],"twitter_card":"summary_large_image","twitter_misc":{"Estimated reading time":"2 minutes"},"schema":{"@context":"https:\/\/schema.org","@graph":[{"@type":"WebPage","@id":"https:\/\/bytelegal.ch\/about\/","url":"https:\/\/bytelegal.ch\/about\/","name":"\u00dcber uns &#8212; byte legal AG","isPartOf":{"@id":"https:\/\/bytelegal.ch\/#website"},"primaryImageOfPage":{"@id":"https:\/\/bytelegal.ch\/about\/#primaryimage"},"image":{"@id":"https:\/\/bytelegal.ch\/about\/#primaryimage"},"thumbnailUrl":"https:\/\/bytelegal.ch\/wp-content\/uploads\/2025\/11\/Roesle-Eugen_250117_portrait.jpeg","datePublished":"2023-07-05T13:08:55+00:00","dateModified":"2026-04-09T12:30:05+00:00","breadcrumb":{"@id":"https:\/\/bytelegal.ch\/about\/#breadcrumb"},"inLanguage":"en-GB","potentialAction":[{"@type":"ReadAction","target":["https:\/\/bytelegal.ch\/about\/"]}]},{"@type":"ImageObject","inLanguage":"en-GB","@id":"https:\/\/bytelegal.ch\/about\/#primaryimage","url":"https:\/\/bytelegal.ch\/wp-content\/uploads\/2025\/11\/Roesle-Eugen_250117_portrait.jpeg","contentUrl":"https:\/\/bytelegal.ch\/wp-content\/uploads\/2025\/11\/Roesle-Eugen_250117_portrait.jpeg"},{"@type":"BreadcrumbList","@id":"https:\/\/bytelegal.ch\/about\/#breadcrumb","itemListElement":[{"@type":"ListItem","position":1,"name":"Home","item":"https:\/\/bytelegal.ch\/"},{"@type":"ListItem","position":2,"name":"\u00dcber uns"}]},{"@type":"WebSite","@id":"https:\/\/bytelegal.ch\/#website","url":"https:\/\/bytelegal.ch\/","name":"byte legal AG","description":"Technik &amp; Recht im Einklang","publisher":{"@id":"https:\/\/bytelegal.ch\/#organization"},"potentialAction":[{"@type":"SearchAction","target":{"@type":"EntryPoint","urlTemplate":"https:\/\/bytelegal.ch\/?s={search_term_string}"},"query-input":{"@type":"PropertyValueSpecification","valueRequired":true,"valueName":"search_term_string"}}],"inLanguage":"en-GB"},{"@type":"Organization","@id":"https:\/\/bytelegal.ch\/#organization","name":"byte legal AG","url":"https:\/\/bytelegal.ch\/","logo":{"@type":"ImageObject","inLanguage":"en-GB","@id":"https:\/\/bytelegal.ch\/#\/schema\/logo\/image\/","url":"https:\/\/bytelegal.ch\/wp-content\/uploads\/2023\/07\/bytelegal_logo.svg","contentUrl":"https:\/\/bytelegal.ch\/wp-content\/uploads\/2023\/07\/bytelegal_logo.svg","width":302,"height":74,"caption":"byte legal AG"},"image":{"@id":"https:\/\/bytelegal.ch\/#\/schema\/logo\/image\/"},"sameAs":["https:\/\/www.linkedin.com\/company\/bytelegal\/"]}]}},"_links":{"self":[{"href":"https:\/\/bytelegal.ch\/en\/wp-json\/wp\/v2\/pages\/49","targetHints":{"allow":["GET"]}}],"collection":[{"href":"https:\/\/bytelegal.ch\/en\/wp-json\/wp\/v2\/pages"}],"about":[{"href":"https:\/\/bytelegal.ch\/en\/wp-json\/wp\/v2\/types\/page"}],"author":[{"embeddable":true,"href":"https:\/\/bytelegal.ch\/en\/wp-json\/wp\/v2\/users\/1"}],"replies":[{"embeddable":true,"href":"https:\/\/bytelegal.ch\/en\/wp-json\/wp\/v2\/comments?post=49"}],"version-history":[{"count":25,"href":"https:\/\/bytelegal.ch\/en\/wp-json\/wp\/v2\/pages\/49\/revisions"}],"predecessor-version":[{"id":920,"href":"https:\/\/bytelegal.ch\/en\/wp-json\/wp\/v2\/pages\/49\/revisions\/920"}],"wp:attachment":[{"href":"https:\/\/bytelegal.ch\/en\/wp-json\/wp\/v2\/media?parent=49"}],"curies":[{"name":"wp","href":"https:\/\/api.w.org\/{rel}","templated":true}]}}