{"id":53,"date":"2023-07-05T13:08:56","date_gmt":"2023-07-05T13:08:56","guid":{"rendered":"https:\/\/bytelegal.ch\/services\/"},"modified":"2026-04-09T14:33:59","modified_gmt":"2026-04-09T12:33:59","slug":"services","status":"publish","type":"page","link":"https:\/\/bytelegal.ch\/en\/services\/","title":{"rendered":"Dienstleistungen"},"content":{"rendered":"<div data-elementor-type=\"wp-page\" data-elementor-id=\"53\" class=\"elementor elementor-53\" data-elementor-post-type=\"page\">\n\t\t\t\t\t\t<section class=\"elementor-section elementor-top-section elementor-element elementor-element-17836e8 elementor-section-boxed elementor-section-height-default elementor-section-height-default\" data-id=\"17836e8\" data-element_type=\"section\" data-e-type=\"section\">\n\t\t\t\t\t\t<div class=\"elementor-container elementor-column-gap-default\">\n\t\t\t\t\t<div class=\"elementor-column elementor-col-100 elementor-top-column elementor-element elementor-element-d43edd1\" data-id=\"d43edd1\" data-element_type=\"column\" data-e-type=\"column\">\n\t\t\t<div class=\"elementor-widget-wrap elementor-element-populated\">\n\t\t\t\t\t\t<div class=\"elementor-element elementor-element-dd4dde0 elementor-widget elementor-widget-spacer\" data-id=\"dd4dde0\" data-element_type=\"widget\" data-e-type=\"widget\" data-widget_type=\"spacer.default\">\n\t\t\t\t<div class=\"elementor-widget-container\">\n\t\t\t\t\t\t\t<div class=\"elementor-spacer\">\n\t\t\t<div class=\"elementor-spacer-inner\"><\/div>\n\t\t<\/div>\n\t\t\t\t\t\t<\/div>\n\t\t\t\t<\/div>\n\t\t\t\t<div class=\"elementor-element elementor-element-856df9f elementor-widget elementor-widget-heading\" data-id=\"856df9f\" data-element_type=\"widget\" data-e-type=\"widget\" data-widget_type=\"heading.default\">\n\t\t\t\t<div class=\"elementor-widget-container\">\n\t\t\t\t\t<h2 class=\"elementor-heading-title elementor-size-default\">Unsere Dienstleistungen <br>auf einen Blick  \u2013 f\u00fcr Unternehmen und \u00f6ffentliche Leistungserbringer<\/h2>\t\t\t\t<\/div>\n\t\t\t\t<\/div>\n\t\t\t\t<div class=\"elementor-element elementor-element-b3c01a5 elementor-widget elementor-widget-text-editor\" data-id=\"b3c01a5\" data-element_type=\"widget\" data-e-type=\"widget\" data-widget_type=\"text-editor.default\">\n\t\t\t\t<div class=\"elementor-widget-container\">\n\t\t\t\t\t\t\t\t\t<p><strong>Wir unterst\u00fctzen Sie umfassend in den drei Kernbereichen unserer Arbeit: Beratung, externer Datenschutzbauftragter sowie Schulungen. <\/strong><br \/><strong>Sehen Sie sich die Bereiche im Detail an und z\u00f6gern Sie nicht, uns zu kontaktieren, sollten Sie Fragen haben.<\/strong><\/p>\t\t\t\t\t\t\t\t<\/div>\n\t\t\t\t<\/div>\n\t\t\t\t\t<\/div>\n\t\t<\/div>\n\t\t\t\t\t<\/div>\n\t\t<\/section>\n\t\t\t\t<section class=\"elementor-section elementor-top-section elementor-element elementor-element-42e81ea2 elementor-section-full_width elementor-section-height-default elementor-section-height-default\" data-id=\"42e81ea2\" data-element_type=\"section\" data-e-type=\"section\">\n\t\t\t\t\t\t<div class=\"elementor-container elementor-column-gap-no\">\n\t\t\t\t\t<div class=\"elementor-column elementor-col-100 elementor-top-column elementor-element elementor-element-8044e43\" data-id=\"8044e43\" data-element_type=\"column\" data-e-type=\"column\">\n\t\t\t<div class=\"elementor-widget-wrap elementor-element-populated\">\n\t\t\t\t\t\t<div class=\"elementor-element elementor-element-474216d4 elementor-cta--layout-image-right elementor-cta--valign-middle elementor-cta--mobile-layout-image-above elementor-cta--skin-classic elementor-animated-content elementor-bg-transform elementor-bg-transform-zoom-in elementor-widget elementor-widget-call-to-action\" data-id=\"474216d4\" data-element_type=\"widget\" data-e-type=\"widget\" id=\"service_1\" data-widget_type=\"call-to-action.default\">\n\t\t\t\t<div class=\"elementor-widget-container\">\n\t\t\t\t\t\t\t<div class=\"elementor-cta\">\n\t\t\t\t\t<div class=\"elementor-cta__bg-wrapper\">\n\t\t\t\t<div class=\"elementor-cta__bg elementor-bg\" style=\"background-image: url(https:\/\/bytelegal.ch\/wp-content\/uploads\/2023\/08\/byte-legal-AG-orange.png);\" role=\"img\" aria-label=\"byte legal AG orange\"><\/div>\n\t\t\t\t<div class=\"elementor-cta__bg-overlay\"><\/div>\n\t\t\t<\/div>\n\t\t\t\t\t\t\t<div class=\"elementor-cta__content\">\n\t\t\t\t\n\t\t\t\t\t\t\t\t\t<h4 class=\"elementor-cta__title elementor-cta__content-item elementor-content-item\">\n\t\t\t\t\t\tBeratung\t\t\t\t\t<\/h4>\n\t\t\t\t\n\t\t\t\t\t\t\t\t\t<div class=\"elementor-cta__description elementor-cta__content-item elementor-content-item\">\n\t\t\t\t\t\tUnsere Rechtsberatung zu Digitalisierungsthemen umfasst: <br><br>\n\n<ul style=\"list-style-type:disc\">\n  <li>Schweizer und internationaler Datenschutz (DSGVO, DSG, Kantonales Datenschutzrecht) inkl. konkrete Umsetzung \u2013 z.B. Durchf\u00fchren von Datenschutzfolgenabsch\u00e4tzungen DSFA, Unterst\u00fctzung bei Vorabkontrollen, Melden von Data Breaches, Compliance-Regelwerk, Prozessdesign<\/li>\n  <li>Daten-\/IT-Sicherheit<\/li>\n  <li>Nutzung k\u00fcnstlicher Intelligenz KI (Artificial Intelligence AI)<\/li>\n  <li>Vertragsredaktion mit Daten- oder IT-Bezug<\/li>\n  <li>Online Marketing<\/li>\n  <li>Gap-Analysen<\/li>\n<\/ul>\t\t\t\t\t<\/div>\n\t\t\t\t\n\t\t\t\t\t\t\t<\/div>\n\t\t\t\t\t\t<\/div>\n\t\t\t\t\t\t<\/div>\n\t\t\t\t<\/div>\n\t\t\t\t<div class=\"elementor-element elementor-element-7731c60b elementor-cta--layout-image-left elementor-cta--valign-middle elementor-cta--mobile-layout-image-above elementor-cta--skin-classic elementor-animated-content elementor-bg-transform elementor-bg-transform-zoom-in elementor-widget elementor-widget-call-to-action\" data-id=\"7731c60b\" data-element_type=\"widget\" data-e-type=\"widget\" id=\"service_2\" data-widget_type=\"call-to-action.default\">\n\t\t\t\t<div class=\"elementor-widget-container\">\n\t\t\t\t\t\t\t<div class=\"elementor-cta\">\n\t\t\t\t\t<div class=\"elementor-cta__bg-wrapper\">\n\t\t\t\t<div class=\"elementor-cta__bg elementor-bg\" style=\"background-image: url(https:\/\/bytelegal.ch\/wp-content\/uploads\/2023\/10\/\u200ebytelegal_logo_lightblue.\u200e001.png);\" role=\"img\" aria-label=\"\u200ebytelegal_logo_lightblue.\u200e001\"><\/div>\n\t\t\t\t<div class=\"elementor-cta__bg-overlay\"><\/div>\n\t\t\t<\/div>\n\t\t\t\t\t\t\t<div class=\"elementor-cta__content\">\n\t\t\t\t\n\t\t\t\t\t\t\t\t\t<h4 class=\"elementor-cta__title elementor-cta__content-item elementor-content-item\">\n\t\t\t\t\t\tDatenschutzberater-as-a-Service\t\t\t\t\t<\/h4>\n\t\t\t\t\n\t\t\t\t\t\t\t\t\t<div class=\"elementor-cta__description elementor-cta__content-item elementor-content-item\">\n\t\t\t\t\t\tDer Datenschutzberater-as-a-Service (externer Datenschutzbeauftragter \/ DPO) bietet Ihnen folgende Vorteile:<br><br>\n\n\n<ul style=\"list-style-type:disc\">\n  <li>Jederzeit abrufbares Expertenwissen<\/li>\n  <li>Effiziente Anwendung von bew\u00e4hrten Best Practices<\/li>\n  <li>Unabh\u00e4ngiger Sparringpartner<\/li>\n  <li>Branchenspezifische Kenntnisse<\/li>\n  <li>Effektive Unterst\u00fctzung zur Erreichung von Datenschutzkonformit\u00e4t<\/li>\n<\/ul>\n\t\t\t\t\t<\/div>\n\t\t\t\t\n\t\t\t\t\t\t\t<\/div>\n\t\t\t\t\t\t<\/div>\n\t\t\t\t\t\t<\/div>\n\t\t\t\t<\/div>\n\t\t\t\t<div class=\"elementor-element elementor-element-3d68f67b elementor-cta--layout-image-right elementor-cta--valign-middle elementor-cta--mobile-layout-image-above elementor-cta--skin-classic elementor-animated-content elementor-bg-transform elementor-bg-transform-zoom-in elementor-widget elementor-widget-call-to-action\" data-id=\"3d68f67b\" data-element_type=\"widget\" data-e-type=\"widget\" id=\"service_3\" data-widget_type=\"call-to-action.default\">\n\t\t\t\t<div class=\"elementor-widget-container\">\n\t\t\t\t\t\t\t<div class=\"elementor-cta\">\n\t\t\t\t\t<div class=\"elementor-cta__bg-wrapper\">\n\t\t\t\t<div class=\"elementor-cta__bg elementor-bg\" style=\"background-image: url(https:\/\/bytelegal.ch\/wp-content\/uploads\/2023\/10\/\u200ebytelegal-logo-dienstleistungen.\u200e001.png);\" role=\"img\" aria-label=\"\u200ebytelegal logo dienstleistungen.\u200e001\"><\/div>\n\t\t\t\t<div class=\"elementor-cta__bg-overlay\"><\/div>\n\t\t\t<\/div>\n\t\t\t\t\t\t\t<div class=\"elementor-cta__content\">\n\t\t\t\t\n\t\t\t\t\t\t\t\t\t<h4 class=\"elementor-cta__title elementor-cta__content-item elementor-content-item\">\n\t\t\t\t\t\tSchulungen\t\t\t\t\t<\/h4>\n\t\t\t\t\n\t\t\t\t\t\t\t\t\t<div class=\"elementor-cta__description elementor-cta__content-item elementor-content-item\">\n\t\t\t\t\t\tBed\u00fcrfnisgerecht schulen wir Ihre Mitarbeitenden, wenn f\u00fcr die Bereiche Datenschutz oder Datensicherheit oder AI Governance eine Sensibilisierung ansteht oder die Awareness gesteigert werden soll. Folgende Formate bieten wir an:<br><br>\n\n<ul style=\"list-style-type:disc\">\n  <li>Workshops<\/li>\n  <li>Unternehmensschulungen<\/li>\n  <li>Referate<\/li>\n  <li>Webinare<\/li>\n<\/ul>\t\t\t\t\t<\/div>\n\t\t\t\t\n\t\t\t\t\t\t\t<\/div>\n\t\t\t\t\t\t<\/div>\n\t\t\t\t\t\t<\/div>\n\t\t\t\t<\/div>\n\t\t\t\t\t<\/div>\n\t\t<\/div>\n\t\t\t\t\t<\/div>\n\t\t<\/section>\n\t\t\t\t<\/div>","protected":false},"excerpt":{"rendered":"<p>Unsere Dienstleistungen auf einen Blick \u2013 f\u00fcr Unternehmen und \u00f6ffentliche Leistungserbringer Wir unterst\u00fctzen Sie umfassend in den drei Kernbereichen unserer Arbeit: Beratung, externer Datenschutzbauftragter sowie Schulungen. Sehen Sie sich die Bereiche im Detail an und z\u00f6gern Sie nicht, uns zu kontaktieren, sollten Sie Fragen haben. Beratung Unsere Rechtsberatung zu Digitalisierungsthemen umfasst: Schweizer und internationaler Datenschutz [&hellip;]<\/p>\n","protected":false},"author":1,"featured_media":0,"parent":0,"menu_order":0,"comment_status":"closed","ping_status":"closed","template":"elementor_header_footer","meta":{"footnotes":""},"class_list":["post-53","page","type-page","status-publish","hentry"],"yoast_head":"<!-- This site is optimized with the Yoast SEO plugin v27.3 - https:\/\/yoast.com\/product\/yoast-seo-wordpress\/ -->\n<title>Dienstleistungen &#8212; byte legal AG<\/title>\n<meta name=\"robots\" content=\"index, follow, max-snippet:-1, max-image-preview:large, max-video-preview:-1\" \/>\n<link rel=\"canonical\" href=\"https:\/\/bytelegal.ch\/en\/services\/\" \/>\n<meta property=\"og:locale\" content=\"en_GB\" \/>\n<meta property=\"og:type\" content=\"article\" \/>\n<meta property=\"og:title\" content=\"Dienstleistungen &#8212; byte legal AG\" \/>\n<meta property=\"og:description\" content=\"Unsere Dienstleistungen auf einen Blick \u2013 f\u00fcr Unternehmen und \u00f6ffentliche Leistungserbringer Wir unterst\u00fctzen Sie umfassend in den drei Kernbereichen unserer Arbeit: Beratung, externer Datenschutzbauftragter sowie Schulungen. Sehen Sie sich die Bereiche im Detail an und z\u00f6gern Sie nicht, uns zu kontaktieren, sollten Sie Fragen haben. Beratung Unsere Rechtsberatung zu Digitalisierungsthemen umfasst: Schweizer und internationaler Datenschutz [&hellip;]\" \/>\n<meta property=\"og:url\" content=\"https:\/\/bytelegal.ch\/en\/services\/\" \/>\n<meta property=\"og:site_name\" content=\"byte legal AG\" \/>\n<meta property=\"article:modified_time\" content=\"2026-04-09T12:33:59+00:00\" \/>\n<meta property=\"og:image\" content=\"https:\/\/bytelegal.ch\/wp-content\/uploads\/2023\/10\/byte-legal-OpenGraph.png\" \/>\n\t<meta property=\"og:image:width\" content=\"1200\" \/>\n\t<meta property=\"og:image:height\" content=\"295\" \/>\n\t<meta property=\"og:image:type\" content=\"image\/png\" \/>\n<meta name=\"twitter:card\" content=\"summary_large_image\" \/>\n<meta name=\"twitter:label1\" content=\"Estimated reading time\" \/>\n\t<meta name=\"twitter:data1\" content=\"1 minute\" \/>\n<script type=\"application\/ld+json\" class=\"yoast-schema-graph\">{\"@context\":\"https:\\\/\\\/schema.org\",\"@graph\":[{\"@type\":\"WebPage\",\"@id\":\"https:\\\/\\\/bytelegal.ch\\\/services\\\/\",\"url\":\"https:\\\/\\\/bytelegal.ch\\\/services\\\/\",\"name\":\"Dienstleistungen &#8212; byte legal AG\",\"isPartOf\":{\"@id\":\"https:\\\/\\\/bytelegal.ch\\\/#website\"},\"datePublished\":\"2023-07-05T13:08:56+00:00\",\"dateModified\":\"2026-04-09T12:33:59+00:00\",\"breadcrumb\":{\"@id\":\"https:\\\/\\\/bytelegal.ch\\\/services\\\/#breadcrumb\"},\"inLanguage\":\"en-GB\",\"potentialAction\":[{\"@type\":\"ReadAction\",\"target\":[\"https:\\\/\\\/bytelegal.ch\\\/services\\\/\"]}]},{\"@type\":\"BreadcrumbList\",\"@id\":\"https:\\\/\\\/bytelegal.ch\\\/services\\\/#breadcrumb\",\"itemListElement\":[{\"@type\":\"ListItem\",\"position\":1,\"name\":\"Home\",\"item\":\"https:\\\/\\\/bytelegal.ch\\\/\"},{\"@type\":\"ListItem\",\"position\":2,\"name\":\"Dienstleistungen\"}]},{\"@type\":\"WebSite\",\"@id\":\"https:\\\/\\\/bytelegal.ch\\\/#website\",\"url\":\"https:\\\/\\\/bytelegal.ch\\\/\",\"name\":\"byte legal AG\",\"description\":\"Technik &amp; Recht im Einklang\",\"publisher\":{\"@id\":\"https:\\\/\\\/bytelegal.ch\\\/#organization\"},\"potentialAction\":[{\"@type\":\"SearchAction\",\"target\":{\"@type\":\"EntryPoint\",\"urlTemplate\":\"https:\\\/\\\/bytelegal.ch\\\/?s={search_term_string}\"},\"query-input\":{\"@type\":\"PropertyValueSpecification\",\"valueRequired\":true,\"valueName\":\"search_term_string\"}}],\"inLanguage\":\"en-GB\"},{\"@type\":\"Organization\",\"@id\":\"https:\\\/\\\/bytelegal.ch\\\/#organization\",\"name\":\"byte legal AG\",\"url\":\"https:\\\/\\\/bytelegal.ch\\\/\",\"logo\":{\"@type\":\"ImageObject\",\"inLanguage\":\"en-GB\",\"@id\":\"https:\\\/\\\/bytelegal.ch\\\/#\\\/schema\\\/logo\\\/image\\\/\",\"url\":\"https:\\\/\\\/bytelegal.ch\\\/wp-content\\\/uploads\\\/2023\\\/07\\\/bytelegal_logo.svg\",\"contentUrl\":\"https:\\\/\\\/bytelegal.ch\\\/wp-content\\\/uploads\\\/2023\\\/07\\\/bytelegal_logo.svg\",\"width\":302,\"height\":74,\"caption\":\"byte legal AG\"},\"image\":{\"@id\":\"https:\\\/\\\/bytelegal.ch\\\/#\\\/schema\\\/logo\\\/image\\\/\"},\"sameAs\":[\"https:\\\/\\\/www.linkedin.com\\\/company\\\/bytelegal\\\/\"]}]}<\/script>\n<!-- \/ Yoast SEO plugin. -->","yoast_head_json":{"title":"Dienstleistungen &#8212; byte legal AG","robots":{"index":"index","follow":"follow","max-snippet":"max-snippet:-1","max-image-preview":"max-image-preview:large","max-video-preview":"max-video-preview:-1"},"canonical":"https:\/\/bytelegal.ch\/en\/services\/","og_locale":"en_GB","og_type":"article","og_title":"Dienstleistungen &#8212; byte legal AG","og_description":"Unsere Dienstleistungen auf einen Blick \u2013 f\u00fcr Unternehmen und \u00f6ffentliche Leistungserbringer Wir unterst\u00fctzen Sie umfassend in den drei Kernbereichen unserer Arbeit: Beratung, externer Datenschutzbauftragter sowie Schulungen. Sehen Sie sich die Bereiche im Detail an und z\u00f6gern Sie nicht, uns zu kontaktieren, sollten Sie Fragen haben. Beratung Unsere Rechtsberatung zu Digitalisierungsthemen umfasst: Schweizer und internationaler Datenschutz [&hellip;]","og_url":"https:\/\/bytelegal.ch\/en\/services\/","og_site_name":"byte legal AG","article_modified_time":"2026-04-09T12:33:59+00:00","og_image":[{"width":1200,"height":295,"url":"https:\/\/bytelegal.ch\/wp-content\/uploads\/2023\/10\/byte-legal-OpenGraph.png","type":"image\/png"}],"twitter_card":"summary_large_image","twitter_misc":{"Estimated reading time":"1 minute"},"schema":{"@context":"https:\/\/schema.org","@graph":[{"@type":"WebPage","@id":"https:\/\/bytelegal.ch\/services\/","url":"https:\/\/bytelegal.ch\/services\/","name":"Dienstleistungen &#8212; byte legal AG","isPartOf":{"@id":"https:\/\/bytelegal.ch\/#website"},"datePublished":"2023-07-05T13:08:56+00:00","dateModified":"2026-04-09T12:33:59+00:00","breadcrumb":{"@id":"https:\/\/bytelegal.ch\/services\/#breadcrumb"},"inLanguage":"en-GB","potentialAction":[{"@type":"ReadAction","target":["https:\/\/bytelegal.ch\/services\/"]}]},{"@type":"BreadcrumbList","@id":"https:\/\/bytelegal.ch\/services\/#breadcrumb","itemListElement":[{"@type":"ListItem","position":1,"name":"Home","item":"https:\/\/bytelegal.ch\/"},{"@type":"ListItem","position":2,"name":"Dienstleistungen"}]},{"@type":"WebSite","@id":"https:\/\/bytelegal.ch\/#website","url":"https:\/\/bytelegal.ch\/","name":"byte legal AG","description":"Technik &amp; Recht im Einklang","publisher":{"@id":"https:\/\/bytelegal.ch\/#organization"},"potentialAction":[{"@type":"SearchAction","target":{"@type":"EntryPoint","urlTemplate":"https:\/\/bytelegal.ch\/?s={search_term_string}"},"query-input":{"@type":"PropertyValueSpecification","valueRequired":true,"valueName":"search_term_string"}}],"inLanguage":"en-GB"},{"@type":"Organization","@id":"https:\/\/bytelegal.ch\/#organization","name":"byte legal AG","url":"https:\/\/bytelegal.ch\/","logo":{"@type":"ImageObject","inLanguage":"en-GB","@id":"https:\/\/bytelegal.ch\/#\/schema\/logo\/image\/","url":"https:\/\/bytelegal.ch\/wp-content\/uploads\/2023\/07\/bytelegal_logo.svg","contentUrl":"https:\/\/bytelegal.ch\/wp-content\/uploads\/2023\/07\/bytelegal_logo.svg","width":302,"height":74,"caption":"byte legal AG"},"image":{"@id":"https:\/\/bytelegal.ch\/#\/schema\/logo\/image\/"},"sameAs":["https:\/\/www.linkedin.com\/company\/bytelegal\/"]}]}},"_links":{"self":[{"href":"https:\/\/bytelegal.ch\/en\/wp-json\/wp\/v2\/pages\/53","targetHints":{"allow":["GET"]}}],"collection":[{"href":"https:\/\/bytelegal.ch\/en\/wp-json\/wp\/v2\/pages"}],"about":[{"href":"https:\/\/bytelegal.ch\/en\/wp-json\/wp\/v2\/types\/page"}],"author":[{"embeddable":true,"href":"https:\/\/bytelegal.ch\/en\/wp-json\/wp\/v2\/users\/1"}],"replies":[{"embeddable":true,"href":"https:\/\/bytelegal.ch\/en\/wp-json\/wp\/v2\/comments?post=53"}],"version-history":[{"count":25,"href":"https:\/\/bytelegal.ch\/en\/wp-json\/wp\/v2\/pages\/53\/revisions"}],"predecessor-version":[{"id":924,"href":"https:\/\/bytelegal.ch\/en\/wp-json\/wp\/v2\/pages\/53\/revisions\/924"}],"wp:attachment":[{"href":"https:\/\/bytelegal.ch\/en\/wp-json\/wp\/v2\/media?parent=53"}],"curies":[{"name":"wp","href":"https:\/\/api.w.org\/{rel}","templated":true}]}}